{"id":451,"date":"2021-11-09T16:58:54","date_gmt":"2021-11-09T21:58:54","guid":{"rendered":"https:\/\/bttstg.wpengine.com\/enregistreur\/"},"modified":"2024-01-05T16:43:51","modified_gmt":"2024-01-05T21:43:51","slug":"enregistreur","status":"publish","type":"page","link":"https:\/\/bibletranslationtools.org\/fr\/enregistreur\/","title":{"rendered":"Enregistreur"},"content":{"rendered":"\n\n\t\t\t<a href=\"https:\/\/btt-recorder.readthedocs.io\/en\/latest\/\" target=\"_self\" rel=\"noopener\">\n\t\t\t\t\t\t\tDocumentation\n\t\t\t\t\t<\/a>\n\t\t\t<a href=\"https:\/\/github.com\/Bible-Translation-Tools\/\" target=\"_blank\" rel=\"noopener\">\n\t\t\t\t\t\t\tT\u00e9l\u00e9charger\n\t\t\t\t\t<\/a>\n<h1>\n\t\tVotre solution gratuite et puissante pour la traduction orale.\n\t<\/h1>\n\t\t\t<a href=\"https:\/\/github.com\/Bible-Translation-Tools\/\" target=\"_blank\" rel=\"noopener\">\n\t\t\t\t\t\t\tT\u00e9l\u00e9charger \n\t\t\t\t\t<\/a>\n\t\t\t<a href=\"#core-features\" target=\"_self\" rel=\"noopener\">\n\t\t\t\t\t\t\tPour en savoir plus\n\t\t\t\t\t<\/a>\n\t\t\t\t<img decoding=\"async\" src=\"https:\/\/bibletranslationtools.org\/wp-content\/uploads\/2021\/07\/Project-Management.png\" alt=\"Ic\u00f4ne de gestion de projet\" itemprop=\"image\" title=\"Gestion de projet\" onerror=\"this.style.display='none'\"  \/>\n\t<h4><strong>Gestion de projet<\/strong><\/h4>\n<p>Recorder offre plusieurs fonctions pour vous aider \u00e0 g\u00e9rer vos traductions, comme l&rsquo;attribution automatique de noms aux fichiers et le suivi de la progression.<\/p>\n\t\t\t\t<img decoding=\"async\" src=\"https:\/\/bibletranslationtools.org\/wp-content\/uploads\/2021\/07\/Source-Audio.png\" alt=\"Ic\u00f4ne de la source audio\" itemprop=\"image\" title=\"Source Audio\" onerror=\"this.style.display='none'\"  \/>\n\t<h4><strong>Source Audio<\/strong><\/h4>\n<p>Comparez votre traduction \u00e0 toute source audio disponible dans le cadre de votre projet.<\/p>\n\t\t\t\t<img decoding=\"async\" src=\"https:\/\/bibletranslationtools.org\/wp-content\/uploads\/2021\/07\/Audio-Editing.png\" alt=\"Ic\u00f4ne d&#039;\u00e9dition audio\" itemprop=\"image\" title=\"\u00c9dition audio\" onerror=\"this.style.display='none'\"  \/>\n\t<h4><strong>\u00c9dition de base<\/strong><\/h4>\n<p>Affinez vos traductions \u00e0 l&rsquo;aide de l&rsquo;\u00e9diteur audio int\u00e9gr\u00e9 \u00e0 Recorder.<\/p>\n\t\t\t\t<img decoding=\"async\" src=\"https:\/\/bibletranslationtools.org\/wp-content\/uploads\/2021\/07\/Simple-Recording.png\" alt=\"Ic\u00f4ne d&#039;enregistrement\" itemprop=\"image\" title=\"Enregistrement simple\" onerror=\"this.style.display='none'\"  \/>\n\t<h4><strong>Enregistrement simple<\/strong><\/h4>\n<p>Recorder facilite l&rsquo;enregistrement de vos traductions gr\u00e2ce \u00e0 une interface simple et \u00e0 des commentaires intuitifs.<\/p>\n\t<h3><strong>Caract\u00e9ristiques principales<\/strong><\/h3>\n<p>Voici quelques-unes des principales raisons pour lesquelles vous devriez utiliser .<\/p>\n\t<h3><strong>Pour commencer<\/strong><\/h3>\n<p>Il existe de nombreuses ressources \u00e0 votre disposition pour vous aider \u00e0 d\u00e9marrer ou \u00e0 vous d\u00e9bloquer.<\/p>\nVous trouverez d&rsquo;autres documents \u00e0 l&rsquo;adresse suivante <a href=\"https:\/\/btt-recorder.readthedocs.io\/en\/latest\/\"><br \/>\n  Lire la documentation<br \/>\n<\/a>\n\t\t\t\t<img decoding=\"async\" src=\"https:\/\/bibletranslationtools.org\/wp-content\/uploads\/2021\/07\/Help-Desk.png\" alt=\"Ic\u00f4ne du bureau d&#039;aide\" itemprop=\"image\" title=\"Service d&#039;assistance\" onerror=\"this.style.display='none'\"  \/>\n\t<h4><strong>Service d&rsquo;assistance<\/strong><\/h4>\nNotre \u00e9quipe d&rsquo;assistance technique est heureuse de vous aider \u00e0 r\u00e9soudre tous vos probl\u00e8mes. Vous pouvez soumettre un ticket ou nous joindre directement \u00e0 l&rsquo;adresse suivante <br \/>\n  <a href=\"mailto:helpdesk@techadvancement.com\">helpdesk@techadvancement.com.<\/a><br \/>\n\n\t\t\t<a href=\"https:\/\/ithelp.walink.org\/portal\/tickets\" target=\"_self\" rel=\"noopener\">\n\t\t\t\t\t\t\tSoumettre un ticket\n\t\t\t\t\t<\/a>\n\t\t\t\t<img decoding=\"async\" src=\"https:\/\/bibletranslationtools.org\/wp-content\/uploads\/2021\/07\/Resources.png\" alt=\"Ic\u00f4ne des ressources\" itemprop=\"image\" title=\"Ressources\" onerror=\"this.style.display='none'\"  \/>\n\t<h4><strong>Ressources de traduction<\/strong><\/h4>\n<p>Vous recherchez un texte source ou un fichier audio pour d\u00e9marrer votre prochain projet de traduction ? Nous disposons de nombreuses ressources textuelles et audio gratuites dans plusieurs langues.<\/p>\n\t\t\t<a href=\"https:\/\/bibleineverylanguage.org\/translations\/\" target=\"_self\" rel=\"noopener\">\n\t\t\t\t\t\t\tTrouver des ressources\n\t\t\t\t\t<\/a>\n\t<h3><strong>T\u00e9l\u00e9charger <\/strong><\/h3>\n<p>Commencez \u00e0 traduire les \u00c9critures aujourd&rsquo;hui et contribuez \u00e0 rendre la Parole de Dieu accessible \u00e0 tous dans le monde entier.<\/p>\n\t\t\t<a href=\"https:\/\/github.com\/Bible-Translation-Tools\/BTT-Recorder\" target=\"_self\" rel=\"noopener\">\n\t\t\t\t\t\t\tT\u00e9l\u00e9charger \n\t\t\t\t\t<\/a>\n\t<h2>Inscrivez-vous \u00e0 notre newsletter<\/h2>\n<p>Nous ajoutons r\u00e9guli\u00e8rement de nouvelles fonctionnalit\u00e9s et am\u00e9liorations, alors assurez-vous d&rsquo;\u00eatre inscrit \u00e0 notre bulletin d&rsquo;information pour \u00eatre averti lorsque ces mises \u00e0 jour seront disponibles.<\/p>\n\t\t\t\t<img decoding=\"async\" src=\"https:\/\/bibletranslationtools.org\/wp-content\/uploads\/2021\/06\/WA-Logo-1-small.png\" alt=\"Logo WA\" itemprop=\"image\" title=\"WA-Logo 1-small\" onerror=\"this.style.display='none'\"  \/>\n\t<p>Le BTT est d\u00e9velopp\u00e9 par Wycliffe Associates et ses partenaires pour donner acc\u00e8s aux outils et ressources n\u00e9cessaires \u00e0 l&rsquo;accomplissement du travail de traduction de la Bible.<\/p>\n\t<p>Cette \u0153uvre est plac\u00e9e sous licence <a href=\"https:\/\/creativecommons.org\/licenses\/by\/4.0\/\" rel=\"license\">Creative Commons Attribution 4.0 International License<\/a>.<\/p>\n\t<p>\u00a9 2021 Bible Translation Tools\u00a0|\u00a0Powered by\u00a0<a title=\"WordPress Page Builder Plugin\" href=\"http:\/\/www.wpbeaverbuilder.com\/?utm_medium=bb-pro&amp;utm_source=bb-theme&amp;utm_campaign=theme-footer\" target=\"_blank\" rel=\"nofollow noopener\">Beaver Builder<\/a><\/p>\n\n","protected":false},"excerpt":{"rendered":"<p>Documentation T\u00e9l\u00e9charger Votre solution gratuite et puissante pour la traduction orale. T\u00e9l\u00e9charger Pour en savoir plus Gestion de projet Recorder offre plusieurs fonctions pour vous aider \u00e0 g\u00e9rer vos traductions, comme l&rsquo;attribution automatique de noms aux fichiers et le suivi de la progression. Source Audio Comparez votre traduction \u00e0 toute source audio disponible dans le&hellip;<\/p>\n","protected":false},"author":2,"featured_media":0,"parent":0,"menu_order":0,"comment_status":"closed","ping_status":"closed","template":"","meta":{"_acf_changed":false,"footnotes":""},"class_list":["post-451","page","type-page","status-publish","hentry"],"acf":[],"_links":{"self":[{"href":"https:\/\/bibletranslationtools.org\/fr\/wp-json\/wp\/v2\/pages\/451","targetHints":{"allow":["GET"]}}],"collection":[{"href":"https:\/\/bibletranslationtools.org\/fr\/wp-json\/wp\/v2\/pages"}],"about":[{"href":"https:\/\/bibletranslationtools.org\/fr\/wp-json\/wp\/v2\/types\/page"}],"author":[{"embeddable":true,"href":"https:\/\/bibletranslationtools.org\/fr\/wp-json\/wp\/v2\/users\/2"}],"replies":[{"embeddable":true,"href":"https:\/\/bibletranslationtools.org\/fr\/wp-json\/wp\/v2\/comments?post=451"}],"version-history":[{"count":0,"href":"https:\/\/bibletranslationtools.org\/fr\/wp-json\/wp\/v2\/pages\/451\/revisions"}],"wp:attachment":[{"href":"https:\/\/bibletranslationtools.org\/fr\/wp-json\/wp\/v2\/media?parent=451"}],"curies":[{"name":"wp","href":"https:\/\/api.w.org\/{rel}","templated":true}]}}