{"id":454,"date":"2021-11-09T16:58:55","date_gmt":"2021-11-09T21:58:55","guid":{"rendered":"https:\/\/bttstg.wpengine.com\/grabador\/"},"modified":"2024-01-05T16:45:27","modified_gmt":"2024-01-05T21:45:27","slug":"grabador","status":"publish","type":"page","link":"https:\/\/bibletranslationtools.org\/es\/grabador\/","title":{"rendered":"Grabador"},"content":{"rendered":"\n\n\t\t\t<a href=\"https:\/\/btt-recorder.readthedocs.io\/en\/latest\/\" target=\"_self\" rel=\"noopener\">\n\t\t\t\t\t\t\tDocumentaci\u00f3n\n\t\t\t\t\t<\/a>\n\t\t\t<a href=\"https:\/\/github.com\/Bible-Translation-Tools\/\" target=\"_blank\" rel=\"noopener\">\n\t\t\t\t\t\t\tDescargar\n\t\t\t\t\t<\/a>\n<h1>\n\t\tSu soluci\u00f3n gratuita y poderosa para la traducci\u00f3n oral.\n\t<\/h1>\n\t\t\t<a href=\"https:\/\/github.com\/Bible-Translation-Tools\/\" target=\"_blank\" rel=\"noopener\">\n\t\t\t\t\t\t\tDescargar \n\t\t\t\t\t<\/a>\n\t\t\t<a href=\"Caracter\u00edsticas del n\u00facleo\" target=\"_self\" rel=\"noopener\">\n\t\t\t\t\t\t\tAprende m\u00e1s\n\t\t\t\t\t<\/a>\n\t\t\t\t<img decoding=\"async\" src=\"https:\/\/bibletranslationtools.org\/wp-content\/uploads\/2021\/07\/Project-Management.png\" alt=\"Icono de gesti\u00f3n de proyectos\" itemprop=\"image\" title=\"Gesti\u00f3n de proyectos\" onerror=\"this.style.display='none'\"  \/>\n\t<h4><strong>Gesti\u00f3n de proyectos<\/strong><\/h4>\n<p>La grabadora ofrece varias funciones para ayudarte a gestionar tus traducciones, como la asignaci\u00f3n autom\u00e1tica de nombres a los archivos y el seguimiento del progreso.<\/p>\n\t\t\t\t<img decoding=\"async\" src=\"https:\/\/bibletranslationtools.org\/wp-content\/uploads\/2021\/07\/Source-Audio.png\" alt=\"Icono de audio de origen\" itemprop=\"image\" title=\"Audio de origen\" onerror=\"this.style.display='none'\"  \/>\n\t<h4><strong>Audio de origen<\/strong><\/h4>\n<p>Compara tu traducci\u00f3n con cualquier fuente de audio de la que disponga tu proyecto.<\/p>\n\t\t\t\t<img decoding=\"async\" src=\"https:\/\/bibletranslationtools.org\/wp-content\/uploads\/2021\/07\/Audio-Editing.png\" alt=\"Icono de edici\u00f3n de audio\" itemprop=\"image\" title=\"Edici\u00f3n de audio\" onerror=\"this.style.display='none'\"  \/>\n\t<h4><strong>Edici\u00f3n b\u00e1sica<\/strong><\/h4>\n<p>Ajusta tus traducciones con el editor de audio integrado en Recorder.<\/p>\n\t\t\t\t<img decoding=\"async\" src=\"https:\/\/bibletranslationtools.org\/wp-content\/uploads\/2021\/07\/Simple-Recording.png\" alt=\"Icono de grabaci\u00f3n\" itemprop=\"image\" title=\"Grabaci\u00f3n simple\" onerror=\"this.style.display='none'\"  \/>\n\t<h4><strong>Grabaci\u00f3n simple<\/strong><\/h4>\n<p>Recorder facilita la grabaci\u00f3n de tus traducciones con una interfaz sencilla y una respuesta intuitiva.<\/p>\n\t<h3><strong>Caracter\u00edsticas principales<\/strong><\/h3>\n<p>Estas son algunas de las principales razones por las que deber\u00eda utilizar .<\/p>\n\t<h3><strong>C\u00f3mo empezar<\/strong><\/h3>\n<p>Hay muchos recursos disponibles para ayudarte a empezar o desbloquearte.<\/p>\nPuede encontrar m\u00e1s documentaci\u00f3n en <a href=\"https:\/\/btt-recorder.readthedocs.io\/en\/latest\/\"><br \/>\n  Lea la documentaci\u00f3n<br \/>\n<\/a>\n\t\t\t\t<img decoding=\"async\" src=\"https:\/\/bibletranslationtools.org\/wp-content\/uploads\/2021\/07\/Help-Desk.png\" alt=\"Icono del servicio de asistencia\" itemprop=\"image\" title=\"Servicio de asistencia\" onerror=\"this.style.display='none'\"  \/>\n\t<h4><strong>Servicio de asistencia<\/strong><\/h4>\nNuestro equipo de asistencia t\u00e9cnica estar\u00e1 encantado de ayudarle a resolver cualquier problema que tenga. Puede enviar un ticket o ponerse en contacto con nosotros directamente en <br \/>\n  <a href=\"mailto:helpdesk@techadvancement.com\">helpdesk@techadvancement.com.<\/a><br \/>\n\n\t\t\t<a href=\"https:\/\/ithelp.walink.org\/portal\/tickets\" target=\"_self\" rel=\"noopener\">\n\t\t\t\t\t\t\tEnviar un billete\n\t\t\t\t\t<\/a>\n\t\t\t\t<img decoding=\"async\" src=\"https:\/\/bibletranslationtools.org\/wp-content\/uploads\/2021\/07\/Resources.png\" alt=\"Icono de recursos\" itemprop=\"image\" title=\"Recursos\" onerror=\"this.style.display='none'\"  \/>\n\t<h4><strong>Recursos de traducci\u00f3n<\/strong><\/h4>\n<p>\u00bfBusca un texto fuente o un audio para iniciar su pr\u00f3ximo proyecto de traducci\u00f3n? Disponemos de muchos recursos de texto y audio gratuitos en varios idiomas.<\/p>\n\t\t\t<a href=\"https:\/\/bibleineverylanguage.org\/translations\/\" target=\"_self\" rel=\"noopener\">\n\t\t\t\t\t\t\tBuscar recursos\n\t\t\t\t\t<\/a>\n\t<h3><strong>Descargar <\/strong><\/h3>\n<p>Empieza a traducir las Escrituras hoy mismo y ayuda a que la Palabra de Dios sea accesible para todos en todo el mundo.<\/p>\n\t\t\t<a href=\"https:\/\/github.com\/Bible-Translation-Tools\/BTT-Recorder\" target=\"_self\" rel=\"noopener\">\n\t\t\t\t\t\t\tDescargar \n\t\t\t\t\t<\/a>\n\t<h2>Suscr\u00edbase a nuestro bolet\u00edn de noticias<\/h2>\n<p>Regularmente a\u00f1adimos nuevas funciones y mejoras, as\u00ed que aseg\u00farate de estar suscrito a nuestro bolet\u00edn para que te avisemos cuando estas actualizaciones est\u00e9n disponibles.<\/p>\n\t\t\t\t<img decoding=\"async\" src=\"https:\/\/bibletranslationtools.org\/wp-content\/uploads\/2021\/06\/WA-Logo-1-small.png\" alt=\"Logotipo de WA\" itemprop=\"image\" title=\"WA-Logo 1-peque\u00f1o\" onerror=\"this.style.display='none'\"  \/>\n\t<p>BTT ha sido desarrollado por Wycliffe Associates y nuestros socios para proporcionar acceso a las herramientas y recursos necesarios para completar el trabajo de traducci\u00f3n de la Biblia.<\/p>\n\t<p>Esta obra se encuentra bajo una <a href=\"https:\/\/creativecommons.org\/licenses\/by\/4.0\/\" rel=\"license\">licencia de Creative Commons Attribution 4.0 International License<\/a>.<\/p>\n\t<p>\u00a9 2021 Bible Translation Tools\u00a0|\u00a0Powered by\u00a0<a title=\"WordPress Page Builder Plugin\" href=\"http:\/\/www.wpbeaverbuilder.com\/?utm_medium=bb-pro&amp;utm_source=bb-theme&amp;utm_campaign=theme-footer\" target=\"_blank\" rel=\"nofollow noopener\">Beaver Builder<\/a><\/p>\n\n","protected":false},"excerpt":{"rendered":"<p>Documentaci\u00f3n Descargar Su soluci\u00f3n gratuita y poderosa para la traducci\u00f3n oral. Descargar Aprende m\u00e1s Gesti\u00f3n de proyectos La grabadora ofrece varias funciones para ayudarte a gestionar tus traducciones, como la asignaci\u00f3n autom\u00e1tica de nombres a los archivos y el seguimiento del progreso. Audio de origen Compara tu traducci\u00f3n con cualquier fuente de audio de la&hellip;<\/p>\n","protected":false},"author":2,"featured_media":0,"parent":0,"menu_order":0,"comment_status":"closed","ping_status":"closed","template":"","meta":{"_acf_changed":false,"footnotes":""},"class_list":["post-454","page","type-page","status-publish","hentry"],"acf":[],"_links":{"self":[{"href":"https:\/\/bibletranslationtools.org\/es\/wp-json\/wp\/v2\/pages\/454","targetHints":{"allow":["GET"]}}],"collection":[{"href":"https:\/\/bibletranslationtools.org\/es\/wp-json\/wp\/v2\/pages"}],"about":[{"href":"https:\/\/bibletranslationtools.org\/es\/wp-json\/wp\/v2\/types\/page"}],"author":[{"embeddable":true,"href":"https:\/\/bibletranslationtools.org\/es\/wp-json\/wp\/v2\/users\/2"}],"replies":[{"embeddable":true,"href":"https:\/\/bibletranslationtools.org\/es\/wp-json\/wp\/v2\/comments?post=454"}],"version-history":[{"count":0,"href":"https:\/\/bibletranslationtools.org\/es\/wp-json\/wp\/v2\/pages\/454\/revisions"}],"wp:attachment":[{"href":"https:\/\/bibletranslationtools.org\/es\/wp-json\/wp\/v2\/media?parent=454"}],"curies":[{"name":"wp","href":"https:\/\/api.w.org\/{rel}","templated":true}]}}